{"id":927,"date":"2024-04-30T14:13:48","date_gmt":"2024-04-30T12:13:48","guid":{"rendered":"https:\/\/www.immobiliarelatour.net\/dev\/services\/"},"modified":"2024-05-17T16:49:31","modified_gmt":"2024-05-17T14:49:31","slug":"services","status":"publish","type":"page","link":"https:\/\/www.immobiliarelatour.net\/en\/services\/","title":{"rendered":"Services"},"content":{"rendered":"\t\t<div data-elementor-type=\"wp-page\" data-elementor-id=\"927\" class=\"elementor elementor-927 elementor-178\" data-elementor-post-type=\"page\">\n\t\t\t\t\t\t<section class=\"elementor-section elementor-top-section elementor-element elementor-element-1d700790 elementor-section-boxed elementor-section-height-default elementor-section-height-default\" data-id=\"1d700790\" data-element_type=\"section\">\n\t\t\t\t\t\t<div class=\"elementor-container elementor-column-gap-default\">\n\t\t\t\t\t<div class=\"elementor-column elementor-col-100 elementor-top-column elementor-element elementor-element-4428c113\" data-id=\"4428c113\" data-element_type=\"column\">\n\t\t\t<div class=\"elementor-widget-wrap elementor-element-populated\">\n\t\t\t\t\t\t<div class=\"elementor-element elementor-element-3f305d67 decor elementor-widget elementor-widget-heading\" data-id=\"3f305d67\" data-element_type=\"widget\" data-widget_type=\"heading.default\">\n\t\t\t\t<div class=\"elementor-widget-container\">\n\t\t\t\t\t<h2 class=\"elementor-heading-title elementor-size-default\">Services<\/h2>\t\t\t\t<\/div>\n\t\t\t\t<\/div>\n\t\t\t\t\t<\/div>\n\t\t<\/div>\n\t\t\t\t\t<\/div>\n\t\t<\/section>\n\t\t\t\t<section class=\"elementor-section elementor-top-section elementor-element elementor-element-718c2816 elementor-section-boxed elementor-section-height-default elementor-section-height-default\" data-id=\"718c2816\" data-element_type=\"section\">\n\t\t\t\t\t\t<div class=\"elementor-container elementor-column-gap-default\">\n\t\t\t\t\t<div class=\"elementor-column elementor-col-100 elementor-top-column elementor-element elementor-element-301f3203\" data-id=\"301f3203\" data-element_type=\"column\">\n\t\t\t<div class=\"elementor-widget-wrap elementor-element-populated\">\n\t\t\t\t\t\t<div class=\"elementor-element elementor-element-21c86e70 elementor-widget elementor-widget-text-editor\" data-id=\"21c86e70\" data-element_type=\"widget\" data-widget_type=\"text-editor.default\">\n\t\t\t\t<div class=\"elementor-widget-container\">\n\t\t\t\t\t\t\t\t\t<p>Il mercato immobiliare muta a velocit\u00e0 sempre maggiore e oggi la compravendita e la locazione di un immobile presuppongono iter commerciali e burocratici complessi, assoggettati a un cumulo di regole e normative che, ove ignorate o disattese, espongono i contraenti a rischi reali di perdite economiche anche rilevanti.<\/p>\n<p>Importanza altrettanto significativa e crescente, in un contesto complicato e conflittuale come quello del mercato immobiliare, riveste l\u2019attivit\u00e0 professionale della mediazione nelle contrattazioni, che presuppone un\u2019etica solida e corretta, data anche la responsabilit\u00e0 da contatto sociale che investe questa attivit\u00e0. Strutture che offrono servizi esclusivamente commerciali ovvero esclusivamente professionali, ma prive delle necessarie qualifiche e responsabilit\u00e0 del mediatore, non forniscono garanzie sufficienti per il buon esito degli affari per tutti i contraenti.<\/p>\n<p>Per mettersi al riparo da questi rischi \u00e8 indispensabile affidarsi ad una societ\u00e0 di mediazione immobiliare di comprovata esperienza e professionalit\u00e0, dimenticando il fai da te ed evitando di affidare le sorti del proprio affare a figure prive delle necessarie qualifiche ed abilitazioni professionali.<\/p>\n\t\t\t\t\t\t\t\t<\/div>\n\t\t\t\t<\/div>\n\t\t\t\t<div class=\"elementor-element elementor-element-a13d3ad elementor-widget elementor-widget-text-editor\" data-id=\"a13d3ad\" data-element_type=\"widget\" data-widget_type=\"text-editor.default\">\n\t\t\t\t<div class=\"elementor-widget-container\">\n\t\t\t\t\t\t\t\t\t<p><a href=\"https:\/\/www.immobiliarelatour.net\/chi-siamo\/\" style=\"color:#00552b;\">L\u2019Agenzia Immobiliare La Tour<\/a> \u00e8 particolarmente attenta ai mutamenti del mercato immobiliare e mette a disposizione dei propri clienti servizi professionali evoluti e puntuali.<\/p>\n\t\t\t\t\t\t\t\t<\/div>\n\t\t\t\t<\/div>\n\t\t\t\t\t<\/div>\n\t\t<\/div>\n\t\t\t\t\t<\/div>\n\t\t<\/section>\n\t\t<div class=\"elementor-element elementor-element-63b0136 e-flex e-con-boxed e-con e-parent\" data-id=\"63b0136\" data-element_type=\"container\" data-settings=\"{&quot;background_background&quot;:&quot;classic&quot;}\">\n\t\t\t\t\t<div class=\"e-con-inner\">\n\t\t<div class=\"elementor-element elementor-element-493f8ee e-con-full e-flex e-con e-child\" data-id=\"493f8ee\" data-element_type=\"container\" data-settings=\"{&quot;background_background&quot;:&quot;classic&quot;}\">\n\t\t\t\t<div class=\"elementor-element elementor-element-83c446d elementor-widget-tablet__width-inherit elementor-widget elementor-widget-image\" data-id=\"83c446d\" data-element_type=\"widget\" data-widget_type=\"image.default\">\n\t\t\t\t<div class=\"elementor-widget-container\">\n\t\t\t\t\t\t\t\t\t\t\t\t\t\t\t<img fetchpriority=\"high\" decoding=\"async\" width=\"251\" height=\"251\" src=\"https:\/\/www.immobiliarelatour.net\/wp-content\/uploads\/2024\/05\/servizio5.png\" class=\"attachment-large size-large wp-image-704\" alt=\"\" srcset=\"https:\/\/www.immobiliarelatour.net\/wp-content\/uploads\/2024\/05\/servizio5.png 251w, https:\/\/www.immobiliarelatour.net\/wp-content\/uploads\/2024\/05\/servizio5-150x150.png 150w\" sizes=\"(max-width: 251px) 100vw, 251px\" \/>\t\t\t\t\t\t\t\t\t\t\t\t\t\t\t<\/div>\n\t\t\t\t<\/div>\n\t\t\t\t<div class=\"elementor-element elementor-element-36ddd45 elementor-widget__width-inherit elementor-widget elementor-widget-heading\" data-id=\"36ddd45\" data-element_type=\"widget\" data-widget_type=\"heading.default\">\n\t\t\t\t<div class=\"elementor-widget-container\">\n\t\t\t\t\t<h2 class=\"elementor-heading-title elementor-size-default\">Brokenage<\/h2>\t\t\t\t<\/div>\n\t\t\t\t<\/div>\n\t\t\t\t<div class=\"elementor-element elementor-element-17dea38 elementor-widget__width-inherit elementor-widget elementor-widget-text-editor\" data-id=\"17dea38\" data-element_type=\"widget\" data-widget_type=\"text-editor.default\">\n\t\t\t\t<div class=\"elementor-widget-container\">\n\t\t\t\t\t\t\t\t\t<p>(to sell, buy, rent)<\/p>\n\t\t\t\t\t\t\t\t<\/div>\n\t\t\t\t<\/div>\n\t\t\t\t<\/div>\n\t\t<div class=\"elementor-element elementor-element-9c414b1 e-con-full e-flex e-con e-child\" data-id=\"9c414b1\" data-element_type=\"container\">\n\t\t\t\t<div class=\"elementor-element elementor-element-cfef4bc elementor-widget elementor-widget-image\" data-id=\"cfef4bc\" data-element_type=\"widget\" data-widget_type=\"image.default\">\n\t\t\t\t<div class=\"elementor-widget-container\">\n\t\t\t\t\t\t\t\t\t\t\t\t\t\t\t<img decoding=\"async\" width=\"251\" height=\"251\" src=\"https:\/\/www.immobiliarelatour.net\/wp-content\/uploads\/2024\/05\/servizio3.png\" class=\"attachment-large size-large wp-image-700\" alt=\"\" srcset=\"https:\/\/www.immobiliarelatour.net\/wp-content\/uploads\/2024\/05\/servizio3.png 251w, https:\/\/www.immobiliarelatour.net\/wp-content\/uploads\/2024\/05\/servizio3-150x150.png 150w\" sizes=\"(max-width: 251px) 100vw, 251px\" \/>\t\t\t\t\t\t\t\t\t\t\t\t\t\t\t<\/div>\n\t\t\t\t<\/div>\n\t\t\t\t<div class=\"elementor-element elementor-element-dad881e elementor-widget elementor-widget-heading\" data-id=\"dad881e\" data-element_type=\"widget\" data-widget_type=\"heading.default\">\n\t\t\t\t<div class=\"elementor-widget-container\">\n\t\t\t\t\t<h2 class=\"elementor-heading-title elementor-size-default\">Mandati a titolo oneroso<\/h2>\t\t\t\t<\/div>\n\t\t\t\t<\/div>\n\t\t\t\t<div class=\"elementor-element elementor-element-193375f elementor-widget__width-inherit elementor-widget elementor-widget-text-editor\" data-id=\"193375f\" data-element_type=\"widget\" data-widget_type=\"text-editor.default\">\n\t\t\t\t<div class=\"elementor-widget-container\">\n\t\t\t\t\t\t\t\t\t<p>(for the construction company)<\/p>\n\t\t\t\t\t\t\t\t<\/div>\n\t\t\t\t<\/div>\n\t\t\t\t<\/div>\n\t\t<div class=\"elementor-element elementor-element-c835102 e-con-full e-flex e-con e-child\" data-id=\"c835102\" data-element_type=\"container\" data-settings=\"{&quot;background_background&quot;:&quot;classic&quot;}\">\n\t\t\t\t<div class=\"elementor-element elementor-element-2a1f6b0 elementor-widget elementor-widget-image\" data-id=\"2a1f6b0\" data-element_type=\"widget\" data-widget_type=\"image.default\">\n\t\t\t\t<div class=\"elementor-widget-container\">\n\t\t\t\t\t\t\t\t\t\t\t\t\t\t\t<img decoding=\"async\" width=\"251\" height=\"251\" src=\"https:\/\/www.immobiliarelatour.net\/wp-content\/uploads\/2024\/05\/servizio7.png\" class=\"attachment-large size-large wp-image-708\" alt=\"\" srcset=\"https:\/\/www.immobiliarelatour.net\/wp-content\/uploads\/2024\/05\/servizio7.png 251w, https:\/\/www.immobiliarelatour.net\/wp-content\/uploads\/2024\/05\/servizio7-150x150.png 150w\" sizes=\"(max-width: 251px) 100vw, 251px\" \/>\t\t\t\t\t\t\t\t\t\t\t\t\t\t\t<\/div>\n\t\t\t\t<\/div>\n\t\t\t\t<div class=\"elementor-element elementor-element-625d094 elementor-widget elementor-widget-heading\" data-id=\"625d094\" data-element_type=\"widget\" data-widget_type=\"heading.default\">\n\t\t\t\t<div class=\"elementor-widget-container\">\n\t\t\t\t\t<h2 class=\"elementor-heading-title elementor-size-default\">Management of holiday homes and apartments<\/h2>\t\t\t\t<\/div>\n\t\t\t\t<\/div>\n\t\t\t\t<\/div>\n\t\t<div class=\"elementor-element elementor-element-07dc118 e-con-full e-flex e-con e-child\" data-id=\"07dc118\" data-element_type=\"container\">\n\t\t\t\t<div class=\"elementor-element elementor-element-2b9137a elementor-widget elementor-widget-image\" data-id=\"2b9137a\" data-element_type=\"widget\" data-widget_type=\"image.default\">\n\t\t\t\t<div class=\"elementor-widget-container\">\n\t\t\t\t\t\t\t\t\t\t\t\t\t\t\t<img loading=\"lazy\" decoding=\"async\" width=\"251\" height=\"251\" src=\"https:\/\/www.immobiliarelatour.net\/wp-content\/uploads\/2024\/05\/servizio2.png\" class=\"attachment-large size-large wp-image-698\" alt=\"\" srcset=\"https:\/\/www.immobiliarelatour.net\/wp-content\/uploads\/2024\/05\/servizio2.png 251w, https:\/\/www.immobiliarelatour.net\/wp-content\/uploads\/2024\/05\/servizio2-150x150.png 150w\" sizes=\"(max-width: 251px) 100vw, 251px\" \/>\t\t\t\t\t\t\t\t\t\t\t\t\t\t\t<\/div>\n\t\t\t\t<\/div>\n\t\t\t\t<div class=\"elementor-element elementor-element-b22120f elementor-widget elementor-widget-heading\" data-id=\"b22120f\" data-element_type=\"widget\" data-widget_type=\"heading.default\">\n\t\t\t\t<div class=\"elementor-widget-container\">\n\t\t\t\t\t<h2 class=\"elementor-heading-title elementor-size-default\">Evaluations and appraisal reports<\/h2>\t\t\t\t<\/div>\n\t\t\t\t<\/div>\n\t\t\t\t<\/div>\n\t\t<div class=\"elementor-element elementor-element-c0447ec e-con-full e-flex e-con e-child\" data-id=\"c0447ec\" data-element_type=\"container\">\n\t\t\t\t<div class=\"elementor-element elementor-element-107d85d elementor-widget elementor-widget-image\" data-id=\"107d85d\" data-element_type=\"widget\" data-widget_type=\"image.default\">\n\t\t\t\t<div class=\"elementor-widget-container\">\n\t\t\t\t\t\t\t\t\t\t\t\t\t\t\t<img loading=\"lazy\" decoding=\"async\" width=\"251\" height=\"251\" src=\"https:\/\/www.immobiliarelatour.net\/wp-content\/uploads\/2024\/05\/servizio4.png\" class=\"attachment-large size-large wp-image-702\" alt=\"\" srcset=\"https:\/\/www.immobiliarelatour.net\/wp-content\/uploads\/2024\/05\/servizio4.png 251w, https:\/\/www.immobiliarelatour.net\/wp-content\/uploads\/2024\/05\/servizio4-150x150.png 150w\" sizes=\"(max-width: 251px) 100vw, 251px\" \/>\t\t\t\t\t\t\t\t\t\t\t\t\t\t\t<\/div>\n\t\t\t\t<\/div>\n\t\t\t\t<div class=\"elementor-element elementor-element-37dc3d0 elementor-widget elementor-widget-heading\" data-id=\"37dc3d0\" data-element_type=\"widget\" data-widget_type=\"heading.default\">\n\t\t\t\t<div class=\"elementor-widget-container\">\n\t\t\t\t\t<h2 class=\"elementor-heading-title elementor-size-default\">Consultancy<\/h2>\t\t\t\t<\/div>\n\t\t\t\t<\/div>\n\t\t\t\t<div class=\"elementor-element elementor-element-a669b11 elementor-widget__width-inherit elementor-widget elementor-widget-text-editor\" data-id=\"a669b11\" data-element_type=\"widget\" data-widget_type=\"text-editor.default\">\n\t\t\t\t<div class=\"elementor-widget-container\">\n\t\t\t\t\t\t\t\t\t<p>(per chi ha gi\u00e0 trovato autonomamente l\u2018immobile o il compratore e vuole concludere l\u2018affare al riparo da rischi affidandosi ad un professionista)<\/p>\n\t\t\t\t\t\t\t\t<\/div>\n\t\t\t\t<\/div>\n\t\t\t\t<\/div>\n\t\t<div class=\"elementor-element elementor-element-e94db04 e-con-full e-flex e-con e-child\" data-id=\"e94db04\" data-element_type=\"container\" data-settings=\"{&quot;background_background&quot;:&quot;classic&quot;}\">\n\t\t\t\t<div class=\"elementor-element elementor-element-0f0c7a7 elementor-widget elementor-widget-image\" data-id=\"0f0c7a7\" data-element_type=\"widget\" data-widget_type=\"image.default\">\n\t\t\t\t<div class=\"elementor-widget-container\">\n\t\t\t\t\t\t\t\t\t\t\t\t\t\t\t<img loading=\"lazy\" decoding=\"async\" width=\"251\" height=\"251\" src=\"https:\/\/www.immobiliarelatour.net\/wp-content\/uploads\/2024\/05\/servizio4.png\" class=\"attachment-large size-large wp-image-702\" alt=\"\" srcset=\"https:\/\/www.immobiliarelatour.net\/wp-content\/uploads\/2024\/05\/servizio4.png 251w, https:\/\/www.immobiliarelatour.net\/wp-content\/uploads\/2024\/05\/servizio4-150x150.png 150w\" sizes=\"(max-width: 251px) 100vw, 251px\" \/>\t\t\t\t\t\t\t\t\t\t\t\t\t\t\t<\/div>\n\t\t\t\t<\/div>\n\t\t\t\t<div class=\"elementor-element elementor-element-58aa715 elementor-widget elementor-widget-heading\" data-id=\"58aa715\" data-element_type=\"widget\" data-widget_type=\"heading.default\">\n\t\t\t\t<div class=\"elementor-widget-container\">\n\t\t\t\t\t<h2 class=\"elementor-heading-title elementor-size-default\">Property Finding<\/h2>\t\t\t\t<\/div>\n\t\t\t\t<\/div>\n\t\t\t\t<div class=\"elementor-element elementor-element-3b3a889 elementor-widget__width-inherit elementor-widget elementor-widget-text-editor\" data-id=\"3b3a889\" data-element_type=\"widget\" data-widget_type=\"text-editor.default\">\n\t\t\t\t<div class=\"elementor-widget-container\">\n\t\t\t\t\t\t\t\t\t<p>(per chi \u00e8 alla ricerca di un immobile da acquistare ma non ha tempo e\/o voglia di districarsi nelle ricerche preferendo affidare il compito ad un professionista di fiducia)<\/p>\n\t\t\t\t\t\t\t\t<\/div>\n\t\t\t\t<\/div>\n\t\t\t\t<\/div>\n\t\t<div class=\"elementor-element elementor-element-03a6ff8 e-con-full e-flex e-con e-child\" data-id=\"03a6ff8\" data-element_type=\"container\" data-settings=\"{&quot;background_background&quot;:&quot;classic&quot;}\">\n\t\t\t\t<div class=\"elementor-element elementor-element-befd121 elementor-widget elementor-widget-image\" data-id=\"befd121\" data-element_type=\"widget\" data-widget_type=\"image.default\">\n\t\t\t\t<div class=\"elementor-widget-container\">\n\t\t\t\t\t\t\t\t\t\t\t\t\t\t\t<img loading=\"lazy\" decoding=\"async\" width=\"251\" height=\"251\" src=\"https:\/\/www.immobiliarelatour.net\/wp-content\/uploads\/2024\/05\/servizio6.png\" class=\"attachment-large size-large wp-image-706\" alt=\"\" srcset=\"https:\/\/www.immobiliarelatour.net\/wp-content\/uploads\/2024\/05\/servizio6.png 251w, https:\/\/www.immobiliarelatour.net\/wp-content\/uploads\/2024\/05\/servizio6-150x150.png 150w\" sizes=\"(max-width: 251px) 100vw, 251px\" \/>\t\t\t\t\t\t\t\t\t\t\t\t\t\t\t<\/div>\n\t\t\t\t<\/div>\n\t\t\t\t<div class=\"elementor-element elementor-element-7a23481 elementor-widget elementor-widget-heading\" data-id=\"7a23481\" data-element_type=\"widget\" data-widget_type=\"heading.default\">\n\t\t\t\t<div class=\"elementor-widget-container\">\n\t\t\t\t\t<h2 class=\"elementor-heading-title elementor-size-default\">Home Staging<\/h2>\t\t\t\t<\/div>\n\t\t\t\t<\/div>\n\t\t\t\t<div class=\"elementor-element elementor-element-93766e3 elementor-widget__width-inherit elementor-widget elementor-widget-text-editor\" data-id=\"93766e3\" data-element_type=\"widget\" data-widget_type=\"text-editor.default\">\n\t\t\t\t<div class=\"elementor-widget-container\">\n\t\t\t\t\t\t\t\t\t<p>(to increase the chances of sale\/lease by preparing the property in the best possible way)<\/p>\n\t\t\t\t\t\t\t\t<\/div>\n\t\t\t\t<\/div>\n\t\t\t\t<\/div>\n\t\t<div class=\"elementor-element elementor-element-4023d96 e-con-full e-flex e-con e-child\" data-id=\"4023d96\" data-element_type=\"container\" data-settings=\"{&quot;background_background&quot;:&quot;classic&quot;}\">\n\t\t\t\t<div class=\"elementor-element elementor-element-20cd1e1 elementor-widget elementor-widget-image\" data-id=\"20cd1e1\" data-element_type=\"widget\" data-widget_type=\"image.default\">\n\t\t\t\t<div class=\"elementor-widget-container\">\n\t\t\t\t\t\t\t\t\t\t\t\t\t\t\t<img loading=\"lazy\" decoding=\"async\" width=\"251\" height=\"251\" src=\"https:\/\/www.immobiliarelatour.net\/wp-content\/uploads\/2024\/05\/servizio1.png\" class=\"attachment-large size-large wp-image-696\" alt=\"\" srcset=\"https:\/\/www.immobiliarelatour.net\/wp-content\/uploads\/2024\/05\/servizio1.png 251w, https:\/\/www.immobiliarelatour.net\/wp-content\/uploads\/2024\/05\/servizio1-150x150.png 150w\" sizes=\"(max-width: 251px) 100vw, 251px\" \/>\t\t\t\t\t\t\t\t\t\t\t\t\t\t\t<\/div>\n\t\t\t\t<\/div>\n\t\t\t\t<div class=\"elementor-element elementor-element-97f5d99 elementor-widget elementor-widget-heading\" data-id=\"97f5d99\" data-element_type=\"widget\" data-widget_type=\"heading.default\">\n\t\t\t\t<div class=\"elementor-widget-container\">\n\t\t\t\t\t<h2 class=\"elementor-heading-title elementor-size-default\">Certifications<\/h2>\t\t\t\t<\/div>\n\t\t\t\t<\/div>\n\t\t\t\t<\/div>\n\t\t\t\t\t<\/div>\n\t\t\t\t<\/div>\n\t\t\t\t<\/div>\n\t\t","protected":false},"excerpt":{"rendered":"<p>Services Il mercato immobiliare muta a velocit\u00e0 sempre maggiore e oggi la compravendita e la locazione di un immobile presuppongono iter commerciali e burocratici complessi, assoggettati a un cumulo di regole e normative che, ove ignorate o disattese, espongono i contraenti a rischi reali di perdite economiche anche rilevanti. Importanza altrettanto significativa e crescente, in [&hellip;]<\/p>\n","protected":false},"author":2,"featured_media":0,"parent":0,"menu_order":0,"comment_status":"closed","ping_status":"closed","template":"","meta":{"_acf_changed":false,"footnotes":""},"class_list":["post-927","page","type-page","status-publish","hentry"],"acf":[],"_links":{"self":[{"href":"https:\/\/www.immobiliarelatour.net\/en\/wp-json\/wp\/v2\/pages\/927","targetHints":{"allow":["GET"]}}],"collection":[{"href":"https:\/\/www.immobiliarelatour.net\/en\/wp-json\/wp\/v2\/pages"}],"about":[{"href":"https:\/\/www.immobiliarelatour.net\/en\/wp-json\/wp\/v2\/types\/page"}],"author":[{"embeddable":true,"href":"https:\/\/www.immobiliarelatour.net\/en\/wp-json\/wp\/v2\/users\/2"}],"replies":[{"embeddable":true,"href":"https:\/\/www.immobiliarelatour.net\/en\/wp-json\/wp\/v2\/comments?post=927"}],"version-history":[{"count":4,"href":"https:\/\/www.immobiliarelatour.net\/en\/wp-json\/wp\/v2\/pages\/927\/revisions"}],"predecessor-version":[{"id":1232,"href":"https:\/\/www.immobiliarelatour.net\/en\/wp-json\/wp\/v2\/pages\/927\/revisions\/1232"}],"wp:attachment":[{"href":"https:\/\/www.immobiliarelatour.net\/en\/wp-json\/wp\/v2\/media?parent=927"}],"curies":[{"name":"wp","href":"https:\/\/api.w.org\/{rel}","templated":true}]}}